{"id":17,"date":"2018-04-15T09:39:50","date_gmt":"2018-04-15T07:39:50","guid":{"rendered":"http:\/\/benoitetcaroavelo.ovh\/?page_id=17"},"modified":"2018-04-28T17:51:25","modified_gmt":"2018-04-28T15:51:25","slug":"accueil","status":"publish","type":"page","link":"https:\/\/benoitetcaroavelo.ovh\/","title":{"rendered":"Accueil"},"content":{"rendered":"<p>Bienvenue !!<br \/>\nCe blog raconte les aventures de deux cyclistes dans leur qu\u00eate \u00e9pique d&rsquo;un (petit) tour d&rsquo;Europe \u00e0 v\u00e9lo!<\/p>\n<p>Dans ce blog, vous suivrez les aventures quotidiennes (si il y a du r\u00e9seau) de Caro et Beno\u00eet.<\/p>\n","protected":false},"excerpt":{"rendered":"<p>Bienvenue !! Ce blog raconte les aventures de deux cyclistes dans leur qu\u00eate \u00e9pique d&rsquo;un (petit) tour d&rsquo;Europe \u00e0 v\u00e9lo! Dans ce blog, vous suivrez les aventures quotidiennes (si il y a du r\u00e9seau) de Caro et Beno\u00eet.<\/p>\n","protected":false},"author":1,"featured_media":0,"parent":0,"menu_order":0,"comment_status":"closed","ping_status":"closed","template":"","meta":[],"_links":{"self":[{"href":"https:\/\/benoitetcaroavelo.ovh\/index.php?rest_route=\/wp\/v2\/pages\/17"}],"collection":[{"href":"https:\/\/benoitetcaroavelo.ovh\/index.php?rest_route=\/wp\/v2\/pages"}],"about":[{"href":"https:\/\/benoitetcaroavelo.ovh\/index.php?rest_route=\/wp\/v2\/types\/page"}],"author":[{"embeddable":true,"href":"https:\/\/benoitetcaroavelo.ovh\/index.php?rest_route=\/wp\/v2\/users\/1"}],"replies":[{"embeddable":true,"href":"https:\/\/benoitetcaroavelo.ovh\/index.php?rest_route=%2Fwp%2Fv2%2Fcomments&post=17"}],"version-history":[{"count":3,"href":"https:\/\/benoitetcaroavelo.ovh\/index.php?rest_route=\/wp\/v2\/pages\/17\/revisions"}],"predecessor-version":[{"id":42,"href":"https:\/\/benoitetcaroavelo.ovh\/index.php?rest_route=\/wp\/v2\/pages\/17\/revisions\/42"}],"wp:attachment":[{"href":"https:\/\/benoitetcaroavelo.ovh\/index.php?rest_route=%2Fwp%2Fv2%2Fmedia&parent=17"}],"curies":[{"name":"wp","href":"https:\/\/api.w.org\/{rel}","templated":true}]}}