{"id":248,"date":"2018-06-14T20:03:59","date_gmt":"2018-06-14T18:03:59","guid":{"rendered":"http:\/\/benoitetcaroavelo.ovh\/?page_id=248"},"modified":"2018-08-22T13:44:08","modified_gmt":"2018-08-22T11:44:08","slug":"itineraires-velo-sympathiques","status":"publish","type":"page","link":"https:\/\/benoitetcaroavelo.ovh\/?page_id=248","title":{"rendered":"Nos coups de coeur"},"content":{"rendered":"<p>Coucou tout le monde!<\/p>\n<p>On s&rsquo;est dit en passant dans des endroits cool que ce serait bien de le partager avec tout le monde. Avec l&rsquo;itin\u00e9raire pr\u00e9cis pour les circuits v\u00e9los, si d&rsquo;autres veulent le faire&#8230; Voil\u00e0 la liste de ce qu&rsquo;on a le plus appr\u00e9ci\u00e9 :<\/p>\n<p>&nbsp;<\/p>\n<p><strong>En v\u00e9lo<\/strong><\/p>\n<p><img loading=\"lazy\" class=\"alignnone size-medium wp-image-608\" src=\"http:\/\/benoitetcaroavelo.ovh\/wp-content\/uploads\/2018\/08\/velolama-300x266.jpg\" alt=\"\" width=\"300\" height=\"266\" srcset=\"https:\/\/benoitetcaroavelo.ovh\/wp-content\/uploads\/2018\/08\/velolama-300x266.jpg 300w, https:\/\/benoitetcaroavelo.ovh\/wp-content\/uploads\/2018\/08\/velolama.jpg 428w\" sizes=\"(max-width: 300px) 100vw, 300px\" \/><\/p>\n<p>Ce qu&rsquo;on vous indique aux liens \u00ab\u00a0(ici)\u00a0\u00bb, c&rsquo;est l&rsquo;activit\u00e9 GPS correspondant \u00e0 notre trajet du jour, avec potentiellement des commentaires si seulement une partie du trajet \u00e9tait cool (par exemple \u00ab\u00a0de ville A \u00e0 la ville B\u00a0\u00bb). Pour r\u00e9cup\u00e9rer le trac\u00e9 GPS, il faut (une fois sur la page) cliquer sur l&rsquo;engrenage en haut \u00e0 droite -&gt; Importer au format GPX.<\/p>\n<p>La <strong>c\u00f4te Atlantique<\/strong>, \u00e0 partir de Le Verdon-sur-Mer (<a href=\"https:\/\/connect.garmin.com\/modern\/activity\/2695321972\" target=\"_blank\" rel=\"noopener\">ici<\/a>) : une piste cyclable d\u00e9di\u00e9e, plate, perdue dans la for\u00eat, bitum\u00e9e, bref assez parfaite.<\/p>\n<p><strong>La suite<\/strong> de la c\u00f4te, \u00e0 partir de Lacanau (<a href=\"https:\/\/connect.garmin.com\/modern\/activity\/2699204545\" target=\"_blank\" rel=\"noopener\">ici<\/a>) : un peu moins parfaite, car de temps en temps bien vallonn\u00e9e ou en bord de route, mais globalement toujours tr\u00e8s bien.<\/p>\n<p><strong>Le Lub\u00e9ron<\/strong> (<a href=\"https:\/\/connect.garmin.com\/modern\/activity\/2756798449\" target=\"_blank\" rel=\"noopener\">ici<\/a>) : globalement jusqu&rsquo;\u00e0 Saint-Maime, un de nos grands coups de c\u0153ur, une belle balade perdue dans la montagne passant par quelques petits villages. Attention, vallonn\u00e9e. On a appris par la suite que quelques associations sont assez actives autour du Lub\u00e9ron, proposant des itin\u00e9raires th\u00e9matiques avec visites ainsi que divers services adapt\u00e9s au cyclotourisme.<\/p>\n<p>La <strong>piste cyclable italienne<\/strong> sur la c\u00f4te (<a href=\"https:\/\/connect.garmin.com\/modern\/activity\/2766120202\" target=\"_blank\" rel=\"noopener\">ici<\/a>) : courte, mais tr\u00e8s tr\u00e8s cool (beaux tunnels pour v\u00e9los, route large, nombreux cyclistes), sur une ancienne voie ferr\u00e9e. A partir de Ospedaletti, jusqu&rsquo;\u00e0 San Lorenzo Al Mare.<\/p>\n<p>La <strong>travers\u00e9e des Alpes<\/strong> (<a href=\"https:\/\/connect.garmin.com\/modern\/activity\/2769198236\" target=\"_blank\" rel=\"noopener\">ici<\/a>) : pas mal de tron\u00e7ons sur des routes larges, mais moyennement fr\u00e9quent\u00e9es. Difficult\u00e9 importante (d\u00e9nivel\u00e9), mais paysages superbes, l&rsquo;autre grand coup de c\u0153ur. Il faut le faire dans le m\u00eame sens que nous par contre, pour monter par des routes globalement peu passantes passant par de jolis villages et descendre par une route assez grande pour \u00eatre confortable, mais plut\u00f4t passante.<\/p>\n<p>La <strong>campagne tch\u00e8que<\/strong> (<a href=\"https:\/\/connect.garmin.com\/modern\/activity\/2832639285\">ici<\/a>) : Envie d&rsquo;encha\u00eener des collines dans la nature ? Il faut le vouloir car l&rsquo;encha\u00eenement de petites mont\u00e9es descentes est un exercice cycliste fatiguant. Bien que les routes ne soient pas de bonne qualit\u00e9 elles restent praticables et sont assez peu passantes. Le paysage sur la selle est charmant : il alterne entre champs et bois en passant ponctuellement par de petits villages. Avec un d\u00e9part dans un camping top (cf ci-dessous, partie camping) et une arriv\u00e9e \u00e0 proximit\u00e9 de monuments \u00e0 visiter.<\/p>\n<p>La <strong>Slov\u00e9nie<\/strong> (on ne vous conseille pas un des itin\u00e9raires en particulier, mais le pays est charmant) : des paysages de haute montagne pr\u00e9sents d\u00e8s la basse altitude, une faible densit\u00e9 de la population qui permet de se sentir en pleine nature m\u00eame en ville, et des maisons fleuries avec soin. C&rsquo;est notre pays coup de c\u0153ur ! A noter que la d\u00e9nivel\u00e9e est au rendez-vous.<\/p>\n<p>Les <strong>Pays-Bas<\/strong> et les <strong>voies vertes fran\u00e7aises<\/strong> (pareil que la Slov\u00e9nie, pas d&rsquo;itin\u00e9raire en particulier conseill\u00e9) : on recommande pour la qualit\u00e9 des \u00e9quipements cyclables, qui sera adapt\u00e9 si vous aimez faire du v\u00e9lo au plat et sans le risque et l&rsquo;inconfort du trafic routier. Le Pays-Bas est un pays assez plat o\u00f9 les am\u00e9nagements cyclables sont parmi les meilleurs que nous avons rencontr\u00e9s ! Sans aller aussi loin, la France rec\u00e8le d&rsquo;innombrables <a href=\"http:\/\/www.voiesvertes.com\/\">voies vertes<\/a> qui sont des pistes d\u00e9di\u00e9es aux v\u00e9los loin de la circulation, sillonnant \u00e0 travers verdure et nature sur des routes relativement plates\u00a0(souvent le long de canaux ou sur d&rsquo;anciennes voies ferr\u00e9es r\u00e9habilit\u00e9s en pistes cyclables), parfois ponctu\u00e9es d&rsquo;\u00e9quipements pour les v\u00e9los (aires de pique-nique, points d&rsquo;eau, aires de gonflage, &#8230;). Parfait pour les sorties v\u00e9lo en famille ou pour ceux qui appr\u00e9cient le v\u00e9lo sans la sueur des mont\u00e9es.<\/p>\n<p>La <strong>F\u00e9d\u00e9ration fran\u00e7aise de cyclotourisme<\/strong> (FFCT) met \u00e0 disposition sur son site <a href=\"https:\/\/veloenfrance.fr\/\">https:\/\/veloenfrance.fr\/<\/a> bon nombre de circuits en v\u00e9lo de route, VTC ou VTT sympathiques qui permettent d&rsquo;allier v\u00e9lo et tourisme (ch\u00e2teaux, sites naturels, villages notables, &#8230;) qui par ailleurs empruntent des routes peu passantes. Il y en a peut-\u00eatre \u00e0 c\u00f4t\u00e9 de chez vous ! Ces circuits sont class\u00e9s par niveau de difficult\u00e9 qui vous permettront peut-\u00eatre de d\u00e9couvrir des itin\u00e9raires sympathiques \u00e0 c\u00f4t\u00e9 de chez vous. Bien qu&rsquo;il existe une importante disparit\u00e9 sur le nombre de circuits renseign\u00e9s selon les r\u00e9gions, la base de donn\u00e9es reste globalement importante.<\/p>\n<p>&nbsp;<\/p>\n<p>&nbsp;<\/p>\n<p><strong>En camping &#8211; visites citadines ou ballades dans la nature<br \/>\n<\/strong><\/p>\n<p><strong><img loading=\"lazy\" class=\"alignnone size-medium wp-image-622\" src=\"http:\/\/benoitetcaroavelo.ovh\/wp-content\/uploads\/2018\/08\/dessin-tente-300x213.jpg\" alt=\"\" width=\"300\" height=\"213\" srcset=\"https:\/\/benoitetcaroavelo.ovh\/wp-content\/uploads\/2018\/08\/dessin-tente-300x213.jpg 300w, https:\/\/benoitetcaroavelo.ovh\/wp-content\/uploads\/2018\/08\/dessin-tente.jpg 536w\" sizes=\"(max-width: 300px) 100vw, 300px\" \/><\/strong><\/p>\n<p>&nbsp;<\/p>\n<p>Camping <strong>Castel San Pietro &#8211; V\u00e9rone, Italie<\/strong><\/p>\n<p><a href=\"http:\/\/www.campingcastelsanpietro.com\/fr\/\"><em>http:\/\/www.campingcastelsanpietro.com\/fr\/<\/em><\/a><\/p>\n<p>Charmant camping en hauteur situ\u00e9 au niveau du ch\u00e2teau offrant une vue panoramique sur la ville. Les espaces pour tentes sont \u00e0 l&rsquo;\u00e9troit, mais la partie commune avec tables et chaises mises \u00e0 dispositions sous une tonnelle offre une jolie vue sur la ville et les collines avoisinantes, un spot romantique parfait pour r\u00eavasser. L&rsquo;acc\u00e8s \u00e0 la vieille ville \u00e0 10 minutes \u00e0 pieds, majoritairement de la descente via des chemins\/escaliers.<\/p>\n<p>La vieille ville, bien que tr\u00e8s (trop ?) touristique, dispose de bon nombre de conceptions architecturales agr\u00e9ables \u00e0 l\u2019\u0153il, sans parler des ponts, parmi les plus connues on note le balcon de Juliette, les ar\u00e8nes de V\u00e9rone, mais aussi bien d&rsquo;autres !<\/p>\n<p>Le restaurant \u00ab\u00a0Cappa caf\u00e9\u00a0\u00bb qui dispose d&rsquo;une terrasse en bord d&rsquo;Adige (rivi\u00e8re qui sillonne V\u00e9rone) est pas mal, les plats sont bons, les cocktails sont top ! Vous pourrez \u00e9galement prendre des pizzas ou autres sp\u00e9cialit\u00e9s italiennes en \u00ab\u00a0take away\u00a0\u00bb au Focacceria Ponte Pietra pour les d\u00e9guster en bord d&rsquo;Adige.<\/p>\n<p>Les artistes et gourmets appr\u00e9cieront certainement V\u00e9rone !<\/p>\n<p>&nbsp;<\/p>\n<p>Camping <strong>Kovarna &#8211; \u010cerven\u00e1 \u0158e\u010dice, R\u00e9publique Tch\u00e8que<\/strong><\/p>\n<p><a href=\"https:\/\/www.campingkovarna.nl\/index.html\"><em>https:\/\/www.campingkovarna.nl\/index.html<\/em><\/a><\/p>\n<p>Camping perdu dans la for\u00eat o\u00f9 il y a de l&rsquo;espace et peu de campeurs, parfait pour ceux qui recherchent le calme, la tranquillit\u00e9 et les balades en for\u00eat.<\/p>\n<p>Si\u00a0 vous n&rsquo;avez pas peur de la route pour aller en R\u00e9publique Tch\u00e8que, en contrepartie vous aurez l&rsquo;avantage de d\u00e9couvrir probablement un nouveau pays o\u00f9 le co\u00fbt de la vie est peu cher par rapport aux pays de la zone euro. Il y a une petite piscine, une table de ping pong et un trampoline. Le camping est tenu par un sympathique couple de n\u00e9erlandais, aussi vous pourrez go\u00fbter \u00e0 leurs kroketten (sp\u00e9cialit\u00e9 n\u00e9erlandaise), il y a \u00e9galement une bi\u00e8re pression locale. Les alentours du campings sont bois\u00e9s, et un ruisseau est environnant, parfait pour de petites excursions o\u00f9 la curiosit\u00e9 de la d\u00e9couverte des alentours est le but. On m\u00eame a trouv\u00e9 quelques champignons&#8230; en juin !<\/p>\n<p>&nbsp;<\/p>\n<p>Camping <strong>Schaalsee &#8211; Gro\u00df Zecher, Allemagn<\/strong>e<\/p>\n<p><a href=\"http:\/\/www.camping-schaalsee.de\/index.htm\"><em>http:\/\/www.camping-schaalsee.de\/index.htm<\/em><\/a><\/p>\n<p>Si le camping en lui-m\u00eame n&rsquo;est pas top, le cadre du camping, lui, est idyllique. Le camping est \u00e9tal\u00e9 sur la berge d&rsquo;un lac prot\u00e9g\u00e9 par l&rsquo;UNESCO pour sa faune aviaire locale. Le lac parcouru par seuls quelques rares barques et bateaux \u00e0 voiles et bord\u00e9 de roseaux et de bois offre un cadre paisible, l&rsquo;eau est claire et on peut ainsi voir les poissons qui commencent \u00e0 manger les peaux mortes quand on reste immobile suffisamment longtemps pour qu&rsquo;ils n&rsquo;aient plus peur (et qu&rsquo;aucun enfant ne se jette soudainement dans l&rsquo;eau juste \u00e0 c\u00f4t\u00e9&#8230;). Le matin 2-3 barques de p\u00eacheurs s&rsquo;attelaient d\u00e9j\u00e0 \u00e0 leur art : l&rsquo;attente. Sur le haut du camping, une fois escalad\u00e9e la pente raide jonch\u00e9e de m\u00fbres, on est dans les champs, et le soir si on arrive suffisamment silencieusement, on peut voir les lapins sauvages gambader sur les bords du champ. Une petite for\u00eat est avoisinante du camping pour une courte promenade en for\u00eat avec nos amis&#8230; les moustiques!!!<\/p>\n<p>&nbsp;<\/p>\n<p>Auberge de jeunesse et \u00e9cole de surf <strong>Cheeky Family &#8211; Lacanau Oc\u00e9an, France<\/strong><\/p>\n<p><a href=\"http:\/\/www.cheekyfamily.fr\/\">www.cheekyfamily.fr <\/a><\/p>\n<p>Sur la c\u00f4te Atlantiques, \u00e0 un endroit o\u00f9 se rencontrent le vent et la mer pour former de belles vagues, cette auberge de jeunesse offre un cadre jeune et convivial pour pratiquer ou d\u00e9buter en surf (l&rsquo;un des propri\u00e9taire donne des cours d\u00e9butant ou exp\u00e9riment\u00e9).<\/p>\n<p>L&rsquo;endroit est bien \u00e9quip\u00e9 (ouvert il y a seulement 1 an) et convivial. Durant notre s\u00e9jour on a crois\u00e9 3-4-5 surfeurs sympathiques venus seuls, \u00e7a a l&rsquo;air r\u00e9pandu de venir seul surfer pour faire des rencontres, car on ne manque pas de rencontrer d&rsquo;autres surfeurs dans la m\u00eame situation. C&rsquo;est \u00e9galement une id\u00e9e originale pour se retrouver entre amis \u00e0 l&rsquo;occasion d&rsquo;un enterrement de vie de jeune fille\/gar\u00e7on par exemple, ou sans occasion particuli\u00e8re. L&rsquo;endroit dispose d&rsquo;une cuisine commune \u00e9quip\u00e9e, d&rsquo;une salle \u00e0 manger\/salle de jeux\/lecture o\u00f9 se c\u00f4toient une grande table en bois, mais aussi quelques fauteuils isol\u00e9s, tables, canap\u00e9s, et un babyfoot, sous fond de musique paisible. Il y a \u00e9galement une petite terrasse ext\u00e9rieure o\u00f9 il est possible de jouer aux fl\u00e9chettes et divers autres jeux, s&rsquo;\u00e9tendre dans un hamac, &#8230; Cette auberge de jeunesse se veut cozy, d\u00e9tendue, \u00e0 l&rsquo;ambiance \u00e0 la fois chaleureuse et accueillante.<\/p>\n<p>Un endroit sympathique pour les surfeurs ou ceux qui voudraient s&rsquo;y initier.<\/p>\n<p>&nbsp;<\/p>\n<p>&nbsp;<\/p>\n<p>&nbsp;<\/p>\n<p>&nbsp;<\/p>\n<p>&nbsp;<\/p>\n<p>&nbsp;<\/p>\n<p>&nbsp;<\/p>\n<p>&nbsp;<\/p>\n","protected":false},"excerpt":{"rendered":"<p>Coucou tout le monde! On s&rsquo;est dit en passant dans des endroits cool que ce serait bien de le partager avec tout le monde. Avec l&rsquo;itin\u00e9raire pr\u00e9cis pour les circuits v\u00e9los, si d&rsquo;autres veulent le faire&#8230; Voil\u00e0 la liste de ce qu&rsquo;on a le plus appr\u00e9ci\u00e9 : &nbsp; En v\u00e9lo Ce qu&rsquo;on vous indique aux &hellip; <\/p>\n<p class=\"link-more\"><a href=\"https:\/\/benoitetcaroavelo.ovh\/?page_id=248\" class=\"more-link\">Continuer la lecture<span class=\"screen-reader-text\"> de &laquo;&nbsp;Nos coups de coeur&nbsp;&raquo;<\/span><\/a><\/p>\n","protected":false},"author":1,"featured_media":255,"parent":0,"menu_order":0,"comment_status":"closed","ping_status":"closed","template":"","meta":[],"_links":{"self":[{"href":"https:\/\/benoitetcaroavelo.ovh\/index.php?rest_route=\/wp\/v2\/pages\/248"}],"collection":[{"href":"https:\/\/benoitetcaroavelo.ovh\/index.php?rest_route=\/wp\/v2\/pages"}],"about":[{"href":"https:\/\/benoitetcaroavelo.ovh\/index.php?rest_route=\/wp\/v2\/types\/page"}],"author":[{"embeddable":true,"href":"https:\/\/benoitetcaroavelo.ovh\/index.php?rest_route=\/wp\/v2\/users\/1"}],"replies":[{"embeddable":true,"href":"https:\/\/benoitetcaroavelo.ovh\/index.php?rest_route=%2Fwp%2Fv2%2Fcomments&post=248"}],"version-history":[{"count":32,"href":"https:\/\/benoitetcaroavelo.ovh\/index.php?rest_route=\/wp\/v2\/pages\/248\/revisions"}],"predecessor-version":[{"id":656,"href":"https:\/\/benoitetcaroavelo.ovh\/index.php?rest_route=\/wp\/v2\/pages\/248\/revisions\/656"}],"wp:featuredmedia":[{"embeddable":true,"href":"https:\/\/benoitetcaroavelo.ovh\/index.php?rest_route=\/wp\/v2\/media\/255"}],"wp:attachment":[{"href":"https:\/\/benoitetcaroavelo.ovh\/index.php?rest_route=%2Fwp%2Fv2%2Fmedia&parent=248"}],"curies":[{"name":"wp","href":"https:\/\/api.w.org\/{rel}","templated":true}]}}