{"id":387,"date":"2018-07-15T22:11:01","date_gmt":"2018-07-15T20:11:01","guid":{"rendered":"http:\/\/benoitetcaroavelo.ovh\/?page_id=387"},"modified":"2018-08-15T21:24:03","modified_gmt":"2018-08-15T19:24:03","slug":"equipement","status":"publish","type":"page","link":"https:\/\/benoitetcaroavelo.ovh\/?page_id=387","title":{"rendered":"\u00c9quipement"},"content":{"rendered":"<p>A toutes fins utiles, cette page liste le mat\u00e9riel utilis\u00e9 pour notre voyage. Une page d\u00e9taillant plus certains des points importants est disponible <a href=\"http:\/\/benoitetcaroavelo.ovh\/?page_id=420\">ici<\/a>.<\/p>\n<p><strong>Camping<\/strong><\/p>\n<ul>\n<li>1 tente 3 places (Beno\u00eet + Caro + bagages, c&rsquo;est les bagages qui ronflent le plus)<\/li>\n<li>2 matelas gonflables<\/li>\n<li>2 sacs de couchage<\/li>\n<li>2 oreillers tissus pliables<\/li>\n<li>2 oreillers gonflables<\/li>\n<li>1 table basse pliable<\/li>\n<li>2 chaises pliables<\/li>\n<li>1 corde \u00e0 linge<\/li>\n<li>2 lampes frontales<\/li>\n<li>1 jerrycan pliable de 15 L<\/li>\n<li>1 paire de tong<\/li>\n<li>1 paire de sandales<\/li>\n<li>4 rouleaux de papier toilette<\/li>\n<li>3 mouchoirs en tissu<\/li>\n<li>6 paquets de mouchoirs papier<\/li>\n<\/ul>\n<p><strong>Mat\u00e9riel Repas<\/strong><\/p>\n<ul>\n<li>2 bouteilles de gaz<\/li>\n<li>1 br\u00fbleur<\/li>\n<li>2 cuill\u00e8res\/couteaux\/fourchettes pliables<\/li>\n<li>1 couteau multi-fonction type couteau suisse<\/li>\n<li>1 Opinel<\/li>\n<li>1 casserole + 2 assiettes\/bols + 2 tasses pliables<\/li>\n<li>1 \u00e9ponge<\/li>\n<li>1 flacon de liquide vaisselle<\/li>\n<li>20 sacs poubelle<\/li>\n<\/ul>\n<p><strong>Sacs<\/strong><\/p>\n<ul>\n<li>2 sacs de course en tissu pliables<\/li>\n<li>1 sac \u00e9tanche (pour mat\u00e9riel \u00e9lectronique et passeports)<\/li>\n<li>2 sacs \u00e0 habits<\/li>\n<li>1 sac \u00e0 linge sale<\/li>\n<li>1 sac \u00e0 nourriture<\/li>\n<li>1 sac \u00e0 mat\u00e9riel de repas<\/li>\n<li>1 sac \u00e0 mat\u00e9riel de r\u00e9paration\/entretien de v\u00e9lo<\/li>\n<li>1 sac pour les chargeurs\/c\u00e2bles\/lampes frontales\/&#8230;<\/li>\n<li>1 sac \u00e0 habits de v\u00e9lo de pluie<\/li>\n<li>1 petit sac \u00e0 dos<\/li>\n<\/ul>\n<p><strong>Nourriture<\/strong><\/p>\n<ul>\n<li>6 paquets de nouilles chinoises<\/li>\n<li>1 paquet de bananes s\u00e9ch\u00e9es<\/li>\n<li>1 paquet de dates s\u00e9ch\u00e9es<\/li>\n<li>1 paquet d&rsquo;abricots secs<\/li>\n<li>1 flacon de sel<\/li>\n<li>1 paquet de muesli<\/li>\n<li>1 paquet g\u00e2teaux<\/li>\n<li>1 bo\u00eete de caf\u00e9 soluble<\/li>\n<li>1 sachet de sucre en poudre<\/li>\n<li>1 sachet fra\u00eecheur de sachets de th\u00e9s\/infusions<\/li>\n<\/ul>\n<p><strong>Papiers<\/strong><\/p>\n<ul>\n<li>2 passeports<\/li>\n<li>1 portefeuille<\/li>\n<li>1 permis de conduire<\/li>\n<li>3 cartes bancaires<\/li>\n<li>2 cartes vitales<\/li>\n<li>2 cartes de mutuelle<\/li>\n<li>2 cartes europ\u00e9ennes d&rsquo;assurance maladie<\/li>\n<li>1 carte de groupe sanguin<\/li>\n<li>1 carte d&rsquo;\u00e9tudiant<\/li>\n<li>1 carte d\u2019Europe<\/li>\n<li>2 passeports de v\u00e9los (marquage Bicycode)<\/li>\n<\/ul>\n<p><strong>\u00c9lectronique<\/strong><\/p>\n<ul>\n<li>1 petit PC, sa housse et son chargeur<\/li>\n<li>2 liseuses<\/li>\n<li>2 t\u00e9l\u00e9phones<\/li>\n<li>1 batterie<\/li>\n<li>1 adaptateur europ\u00e9en<\/li>\n<li>1 multiprise x3 sans prise de terre<\/li>\n<li>2 prises sans prise de terre<\/li>\n<li>6 c\u00e2bles USB-mini USB, de tailles variables<\/li>\n<li>3 piles AAA de rechange pour lampes frontales<\/li>\n<li>1 paire d&rsquo;\u00e9couteurs<\/li>\n<\/ul>\n<p><strong>Habits<\/strong><\/p>\n<ul>\n<li>3 t-shirts<\/li>\n<li>2 pulls<\/li>\n<li>2 pantalons\/shorts<\/li>\n<li>6 ensembles de sous-v\u00eatements<\/li>\n<li>4 paires de chaussettes<\/li>\n<li>1 casquette<\/li>\n<li>1 bob<\/li>\n<li>2 maillots de bain<\/li>\n<li>2 serviettes de toilette de camping<\/li>\n<\/ul>\n<p><strong>Habits V\u00e9lo<\/strong><\/p>\n<ul>\n<li>2 casques<\/li>\n<li>2 paires de lunettes de soleil<\/li>\n<li>2 paires de p\u00e9dales automatiques<\/li>\n<li>2 paires de chaussures automatique de VTT<\/li>\n<li>4 cuissards v\u00e9lo<\/li>\n<li>5 maillots v\u00e9lo\/hauts sportifs<\/li>\n<li>2 paires de gants v\u00e9lo<\/li>\n<li>2 sur-pantalons\/sur-chaussures de pluie<\/li>\n<li>2 coupe vents de pluie<\/li>\n<li>2 paires de gants de pluie<\/li>\n<li>4 paires de chaussettes v\u00e9lo<\/li>\n<\/ul>\n<p><strong>Mat\u00e9riel v\u00e9lo<\/strong><\/p>\n<ul>\n<li>2 v\u00e9los<\/li>\n<li>2 selles en cuir Brooks<\/li>\n<li>2 carrioles v\u00e9lo et leurs sacs<\/li>\n<li>1 sacoche de guidon<\/li>\n<li>1 GPS de v\u00e9lo Garmin<\/li>\n<li>1 compteur avec fil<\/li>\n<li>2 gourdes<\/li>\n<li>2 lani\u00e8res attache pompe \u00e0 v\u00e9lo au cadre<\/li>\n<li>1 pompe \u00e0 v\u00e9lo compatible valve Presta<\/li>\n<li>1 housse de pluie pour 2 v\u00e9los<\/li>\n<li>2 cadenas et leurs cl\u00e9s<\/li>\n<\/ul>\n<p><strong>Mat\u00e9riel r\u00e9paration v\u00e9lo<\/strong><\/p>\n<ul>\n<li>1 multi-outil<\/li>\n<li>3 cl\u00e9s plates de tailles variables<\/li>\n<li>4 chambres \u00e0 air \u00e0 valve Presta<\/li>\n<li>1 chambre \u00e0 air pour carriole \u00e0 valve Presta<\/li>\n<li>2 pneus pli\u00e9s<\/li>\n<li>1 lot de 3 d\u00e9monte pneus<\/li>\n<li>1 paquet de 5 rustines<\/li>\n<li>1 petit flacon d&rsquo;huile v\u00e9lo pour tous les temps au teflon<\/li>\n<li>1 vieille paire de chaussette<\/li>\n<li>1 brosse pour nettoyage sacoche<\/li>\n<li>1 brosse \u00e0 dent+poils pour nettoyage cha\u00eene v\u00e9lo<\/li>\n<\/ul>\n<p><strong>Trousse de toilette<\/strong><\/p>\n<ul>\n<li>1 shampoing\/gel douche<\/li>\n<li>1 ciseau de couture<\/li>\n<li>1 pince \u00e0 \u00e9piler<\/li>\n<li>2 brosses \u00e0 dent<\/li>\n<li>1 dentifrice<\/li>\n<li>4 paires de boules Quies<\/li>\n<li>1 tube de cr\u00e8me solaire<\/li>\n<\/ul>\n<p><strong>Trousse de secours<\/strong><\/p>\n<ul>\n<li>2 gants de toilette<\/li>\n<li>1 rouleau de bandage<\/li>\n<li>5 pansements<\/li>\n<li>3 compresses<\/li>\n<li>1 d\u00e9sinfectant<\/li>\n<li>1\u00a0 tube baume Saint Bernard<\/li>\n<li>1 tube Biafine<\/li>\n<li>1 paquet comprim\u00e9s calcium<\/li>\n<li>1 flacon huile essentielle de lavande<\/li>\n<li>1 spray anti-moustiques<\/li>\n<li>3 tampons<\/li>\n<li>1 paquet serviettes hygi\u00e9niques<\/li>\n<li>2 masques pour dormir<\/li>\n<\/ul>\n<p>&nbsp;<\/p>\n","protected":false},"excerpt":{"rendered":"<p>A toutes fins utiles, cette page liste le mat\u00e9riel utilis\u00e9 pour notre voyage. Une page d\u00e9taillant plus certains des points importants est disponible ici. Camping 1 tente 3 places (Beno\u00eet + Caro + bagages, c&rsquo;est les bagages qui ronflent le plus) 2 matelas gonflables 2 sacs de couchage 2 oreillers tissus pliables 2 oreillers gonflables &hellip; <\/p>\n<p class=\"link-more\"><a href=\"https:\/\/benoitetcaroavelo.ovh\/?page_id=387\" class=\"more-link\">Continuer la lecture<span class=\"screen-reader-text\"> de &laquo;&nbsp;\u00c9quipement&nbsp;&raquo;<\/span><\/a><\/p>\n","protected":false},"author":1,"featured_media":87,"parent":0,"menu_order":0,"comment_status":"closed","ping_status":"closed","template":"","meta":[],"_links":{"self":[{"href":"https:\/\/benoitetcaroavelo.ovh\/index.php?rest_route=\/wp\/v2\/pages\/387"}],"collection":[{"href":"https:\/\/benoitetcaroavelo.ovh\/index.php?rest_route=\/wp\/v2\/pages"}],"about":[{"href":"https:\/\/benoitetcaroavelo.ovh\/index.php?rest_route=\/wp\/v2\/types\/page"}],"author":[{"embeddable":true,"href":"https:\/\/benoitetcaroavelo.ovh\/index.php?rest_route=\/wp\/v2\/users\/1"}],"replies":[{"embeddable":true,"href":"https:\/\/benoitetcaroavelo.ovh\/index.php?rest_route=%2Fwp%2Fv2%2Fcomments&post=387"}],"version-history":[{"count":23,"href":"https:\/\/benoitetcaroavelo.ovh\/index.php?rest_route=\/wp\/v2\/pages\/387\/revisions"}],"predecessor-version":[{"id":598,"href":"https:\/\/benoitetcaroavelo.ovh\/index.php?rest_route=\/wp\/v2\/pages\/387\/revisions\/598"}],"wp:featuredmedia":[{"embeddable":true,"href":"https:\/\/benoitetcaroavelo.ovh\/index.php?rest_route=\/wp\/v2\/media\/87"}],"wp:attachment":[{"href":"https:\/\/benoitetcaroavelo.ovh\/index.php?rest_route=%2Fwp%2Fv2%2Fmedia&parent=387"}],"curies":[{"name":"wp","href":"https:\/\/api.w.org\/{rel}","templated":true}]}}