{"id":674,"date":"2019-07-02T21:09:51","date_gmt":"2019-07-02T19:09:51","guid":{"rendered":"http:\/\/benoitetcaroavelo.ovh\/?page_id=674"},"modified":"2019-07-02T21:09:51","modified_gmt":"2019-07-02T19:09:51","slug":"vue-densemble","status":"publish","type":"page","link":"https:\/\/benoitetcaroavelo.ovh\/?page_id=674","title":{"rendered":"Vue d&rsquo;ensemble"},"content":{"rendered":"\n<p><\/p>\n\n\n\n<p style=\"text-align:center\"><img loading=\"lazy\" width=\"1184\" height=\"921\" class=\"wp-image-683\" style=\"width: 800px;\" src=\"http:\/\/benoitetcaroavelo.ovh\/wp-content\/uploads\/2019\/07\/P\u00e9riple-europ\u00e9en-A.jpg\" alt=\"\" srcset=\"https:\/\/benoitetcaroavelo.ovh\/wp-content\/uploads\/2019\/07\/P\u00e9riple-europ\u00e9en-A.jpg 1184w, https:\/\/benoitetcaroavelo.ovh\/wp-content\/uploads\/2019\/07\/P\u00e9riple-europ\u00e9en-A-300x233.jpg 300w, https:\/\/benoitetcaroavelo.ovh\/wp-content\/uploads\/2019\/07\/P\u00e9riple-europ\u00e9en-A-768x597.jpg 768w, https:\/\/benoitetcaroavelo.ovh\/wp-content\/uploads\/2019\/07\/P\u00e9riple-europ\u00e9en-A-1024x797.jpg 1024w\" sizes=\"(max-width: 706px) 89vw, (max-width: 767px) 82vw, 740px\" \/><\/p>\n\n\n\n<p style=\"text-align:center\"><\/p>\n\n\n\n<p style=\"font-size:24px;text-align:center\">STATISTIQUES<\/p>\n\n\n\n<p><\/p>\n\n\n\n<p style=\"text-align:center\"><strong>7 600 km<\/strong><\/p>\n\n\n\n<p style=\"text-align:center\"><strong>10 pays travers\u00e9s<\/strong> :<br>France, Espagne, Italie, Slov\u00e9nie, Autriche, R\u00e9publique Tch\u00e8que, Allemagne, Danemark, Pays-Bas, Belgique<\/p>\n\n\n\n<p style=\"text-align:center\"><strong>3 mois et 20 jours<\/strong><br><strong>111 jours (71 de v\u00e9lo, 40 de repos\/visite)<\/strong><\/p>\n\n\n\n<p style=\"text-align:center\"><strong>460h sur la selle<\/strong> <strong>\u00e0 p\u00e9daler<\/strong> (allez, on mouline, on mouline ^^)<\/p>\n\n\n\n<p style=\"text-align:center\"><strong>gain et perte d&rsquo;altitude : 45 000 m<\/strong><\/p>\n\n\n\n<p><\/p>\n\n\n\n<p style=\"text-align:center\"><strong>16,8 km\/h en moyenne<\/strong><\/p>\n\n\n\n<p style=\"text-align:center\"><strong>105km en moyenne par jour<\/strong> de v\u00e9lo<\/p>\n\n\n\n<p style=\"text-align:center\"><\/p>\n\n\n\n<p style=\"text-align:center\"><strong>jusqu&rsquo;\u00e0 58km\/h<\/strong> \u00e0 la descente dans les Pyr\u00e9n\u00e9es\n\n<\/p>\n\n\n\n<p style=\"text-align:center\"><strong>temp\u00e9rature minimale <\/strong>\u00e0 v\u00e9lo<strong> : 4\u00b0C<\/strong><br> <strong>temp\u00e9rature maximale <\/strong>\u00e0 v\u00e9lo<strong> : 36\u00b0C<\/strong> <\/p>\n\n\n\n<p style=\"text-align:center\"><\/p>\n\n\n\n<p style=\"text-align:center\"><strong>budget pr\u00e9-rando : 8 358\u20ac<\/strong> <br>77% mat\u00e9riel v\u00e9lo<br>10% mat\u00e9riel \u00e9lectronique<br>9% mat\u00e9riel camping<br>4% habits<br><br><strong>budget pendant la rando : 5 711\u20ac<\/strong> <br>48% nourriture &#8211; 23,36\u20ac en moyenne \/jour pour 2 personnes (budget fix\u00e9 : 30\u20ac)<br>36% logement   &#8211; 18,74\u20ac en moyenne \/jour pour 2 personnes (budget fix\u00e9 : 20\u20ac) <br>7% mat\u00e9riel<br>6% divers  (cr\u00e8me solaire, bonbonne de gaz, pharmacie, &#8230;) <br>3% loisirs (visites, &#8230;)<\/p>\n\n\n\n<p><\/p>\n\n\n\n<p><\/p>\n","protected":false},"excerpt":{"rendered":"<p>STATISTIQUES 7 600 km 10 pays travers\u00e9s :France, Espagne, Italie, Slov\u00e9nie, Autriche, R\u00e9publique Tch\u00e8que, Allemagne, Danemark, Pays-Bas, Belgique 3 mois et 20 jours111 jours (71 de v\u00e9lo, 40 de repos\/visite) 460h sur la selle \u00e0 p\u00e9daler (allez, on mouline, on mouline ^^) gain et perte d&rsquo;altitude : 45 000 m 16,8 km\/h en moyenne 105km &hellip; <\/p>\n<p class=\"link-more\"><a href=\"https:\/\/benoitetcaroavelo.ovh\/?page_id=674\" class=\"more-link\">Continuer la lecture<span class=\"screen-reader-text\"> de &laquo;&nbsp;Vue d&rsquo;ensemble&nbsp;&raquo;<\/span><\/a><\/p>\n","protected":false},"author":1,"featured_media":0,"parent":0,"menu_order":0,"comment_status":"closed","ping_status":"closed","template":"","meta":[],"_links":{"self":[{"href":"https:\/\/benoitetcaroavelo.ovh\/index.php?rest_route=\/wp\/v2\/pages\/674"}],"collection":[{"href":"https:\/\/benoitetcaroavelo.ovh\/index.php?rest_route=\/wp\/v2\/pages"}],"about":[{"href":"https:\/\/benoitetcaroavelo.ovh\/index.php?rest_route=\/wp\/v2\/types\/page"}],"author":[{"embeddable":true,"href":"https:\/\/benoitetcaroavelo.ovh\/index.php?rest_route=\/wp\/v2\/users\/1"}],"replies":[{"embeddable":true,"href":"https:\/\/benoitetcaroavelo.ovh\/index.php?rest_route=%2Fwp%2Fv2%2Fcomments&post=674"}],"version-history":[{"count":13,"href":"https:\/\/benoitetcaroavelo.ovh\/index.php?rest_route=\/wp\/v2\/pages\/674\/revisions"}],"predecessor-version":[{"id":688,"href":"https:\/\/benoitetcaroavelo.ovh\/index.php?rest_route=\/wp\/v2\/pages\/674\/revisions\/688"}],"wp:attachment":[{"href":"https:\/\/benoitetcaroavelo.ovh\/index.php?rest_route=%2Fwp%2Fv2%2Fmedia&parent=674"}],"curies":[{"name":"wp","href":"https:\/\/api.w.org\/{rel}","templated":true}]}}